{"id":2730,"date":"2025-10-18T10:15:11","date_gmt":"2025-10-18T10:15:11","guid":{"rendered":"https:\/\/www.parlin.com.tr\/?post_type=product&#038;p=2730"},"modified":"2025-10-21T10:56:08","modified_gmt":"2025-10-21T10:56:08","slug":"atina-berjer","status":"publish","type":"product","link":"https:\/\/www.parlin.com.tr\/index.php\/product\/atina-berjer\/","title":{"rendered":"Atina Berjer"},"content":{"rendered":"","protected":false},"excerpt":{"rendered":"<h5><strong>Ev Konforunun Yeni Tan\u0131m\u0131<br \/>\n<\/strong>Klasik \u00e7izgileri modern dokunu\u015flarla birle\u015ftiren bu \u00f6zg\u00fcn tasar\u0131m koltuk, her evin ihtiya\u00e7 duydu\u011fu zamans\u0131z bir zarafet sunar. \u00d6zenli i\u015f\u00e7ili\u011fi, \u00fcst\u00fcn konforu ve \u015f\u0131k detaylar\u0131yla ya\u015fam alan\u0131n\u0131za estetik bir dokunu\u015f katar. Zengin dokusu ve renk se\u00e7enekleriyle her zevke hitap eden bu l\u00fcks koltuk, hem tarz\u0131n\u0131z\u0131 yans\u0131t\u0131r hem de evinizin en sevdi\u011finiz k\u00f6\u015fesini olu\u015fturur. Konforu ve zarafeti bir arada sunan bu tasar\u0131m, oturma odan\u0131zda adeta bir ba\u015fyap\u0131t etkisi yarat\u0131r.<\/h5>\n<h5>G\/W: 74 D\/D: 78 Y\/H: 82<\/h5>\n","protected":false},"featured_media":2731,"comment_status":"closed","ping_status":"closed","template":"","meta":[],"product_brand":[],"product_cat":[54,50],"product_tag":[],"class_list":{"0":"post-2730","1":"product","2":"type-product","3":"status-publish","4":"has-post-thumbnail","6":"product_cat-atina","7":"product_cat-berjer","9":"first","10":"instock","11":"shipping-taxable","12":"product-type-grouped","13":"layout-style-1","14":"col-md-4 col-sm-4 col-xs-6","15":"col-lg-3","16":"product-has-gallery","17":"product-style-zoom"},"_links":{"self":[{"href":"https:\/\/www.parlin.com.tr\/index.php\/wp-json\/wp\/v2\/product\/2730","targetHints":{"allow":["GET"]}}],"collection":[{"href":"https:\/\/www.parlin.com.tr\/index.php\/wp-json\/wp\/v2\/product"}],"about":[{"href":"https:\/\/www.parlin.com.tr\/index.php\/wp-json\/wp\/v2\/types\/product"}],"replies":[{"embeddable":true,"href":"https:\/\/www.parlin.com.tr\/index.php\/wp-json\/wp\/v2\/comments?post=2730"}],"wp:featuredmedia":[{"embeddable":true,"href":"https:\/\/www.parlin.com.tr\/index.php\/wp-json\/wp\/v2\/media\/2731"}],"wp:attachment":[{"href":"https:\/\/www.parlin.com.tr\/index.php\/wp-json\/wp\/v2\/media?parent=2730"}],"wp:term":[{"taxonomy":"product_brand","embeddable":true,"href":"https:\/\/www.parlin.com.tr\/index.php\/wp-json\/wp\/v2\/product_brand?post=2730"},{"taxonomy":"product_cat","embeddable":true,"href":"https:\/\/www.parlin.com.tr\/index.php\/wp-json\/wp\/v2\/product_cat?post=2730"},{"taxonomy":"product_tag","embeddable":true,"href":"https:\/\/www.parlin.com.tr\/index.php\/wp-json\/wp\/v2\/product_tag?post=2730"}],"curies":[{"name":"wp","href":"https:\/\/api.w.org\/{rel}","templated":true}]}}