{"id":2788,"date":"2025-10-21T09:15:12","date_gmt":"2025-10-21T09:15:12","guid":{"rendered":"http:\/\/www.parlin.com.tr\/?post_type=product&#038;p=2788"},"modified":"2025-10-21T10:54:48","modified_gmt":"2025-10-21T10:54:48","slug":"versay-berjer","status":"publish","type":"product","link":"https:\/\/www.parlin.com.tr\/index.php\/product\/versay-berjer\/","title":{"rendered":"Versay Berjer"},"content":{"rendered":"","protected":false},"excerpt":{"rendered":"<h5><strong>Estetik ve Konforun Bulu\u015fmas\u0131<br \/>\n<\/strong>Zarif dokunu\u015flar\u0131 ve kaliteli yap\u0131s\u0131yla b\u00fcy\u00fcleyen Versay, modern \u00e7izgileri ve estetik detaylar\u0131yla her k\u00f6\u015feyi bir sanat eserine d\u00f6n\u00fc\u015ft\u00fcr\u00fcr. Estetik ve konforun benzersiz bulu\u015fmas\u0131n\u0131 temsil eden Versay, modern tasar\u0131m\u0131yla konforu yeniden tan\u0131mlar. Hayat\u0131n\u0131z\u0131 kolayla\u015ft\u0131ran detaylarla evinizde daha kaliteli bir atmosfer yarat\u0131rken, modern ve klasik \u00e7izgilerin uyumuyla zarif ve asil bir g\u00f6r\u00fcn\u00fcm sunar.<\/h5>\n<h5><\/h5>\n<h5>3 ki\u015filik kanepe<br \/>\nG\/W: 82 D\/D: 68 Y\/H: 72<\/h5>\n","protected":false},"featured_media":2789,"comment_status":"closed","ping_status":"closed","template":"","meta":[],"product_brand":[],"product_cat":[50,53],"product_tag":[],"class_list":{"0":"post-2788","1":"product","2":"type-product","3":"status-publish","4":"has-post-thumbnail","6":"product_cat-berjer","7":"product_cat-versay","9":"first","10":"instock","11":"shipping-taxable","12":"product-type-grouped","13":"layout-style-1","14":"col-md-4 col-sm-4 col-xs-6","15":"col-lg-3","16":"product-style-zoom"},"_links":{"self":[{"href":"https:\/\/www.parlin.com.tr\/index.php\/wp-json\/wp\/v2\/product\/2788","targetHints":{"allow":["GET"]}}],"collection":[{"href":"https:\/\/www.parlin.com.tr\/index.php\/wp-json\/wp\/v2\/product"}],"about":[{"href":"https:\/\/www.parlin.com.tr\/index.php\/wp-json\/wp\/v2\/types\/product"}],"replies":[{"embeddable":true,"href":"https:\/\/www.parlin.com.tr\/index.php\/wp-json\/wp\/v2\/comments?post=2788"}],"wp:featuredmedia":[{"embeddable":true,"href":"https:\/\/www.parlin.com.tr\/index.php\/wp-json\/wp\/v2\/media\/2789"}],"wp:attachment":[{"href":"https:\/\/www.parlin.com.tr\/index.php\/wp-json\/wp\/v2\/media?parent=2788"}],"wp:term":[{"taxonomy":"product_brand","embeddable":true,"href":"https:\/\/www.parlin.com.tr\/index.php\/wp-json\/wp\/v2\/product_brand?post=2788"},{"taxonomy":"product_cat","embeddable":true,"href":"https:\/\/www.parlin.com.tr\/index.php\/wp-json\/wp\/v2\/product_cat?post=2788"},{"taxonomy":"product_tag","embeddable":true,"href":"https:\/\/www.parlin.com.tr\/index.php\/wp-json\/wp\/v2\/product_tag?post=2788"}],"curies":[{"name":"wp","href":"https:\/\/api.w.org\/{rel}","templated":true}]}}