{"id":2828,"date":"2025-12-20T15:16:55","date_gmt":"2025-12-20T15:16:55","guid":{"rendered":"https:\/\/www.parlin.com.tr\/?post_type=product&#038;p=2828"},"modified":"2025-12-20T15:44:07","modified_gmt":"2025-12-20T15:44:07","slug":"prada-kanepe","status":"publish","type":"product","link":"https:\/\/www.parlin.com.tr\/index.php\/product\/prada-kanepe\/","title":{"rendered":"Prada Kanepe"},"content":{"rendered":"","protected":false},"excerpt":{"rendered":"<h5><strong>Zarafetin G\u00fc\u00e7l\u00fc Yorumu<br \/>\n<\/strong>\u0130nce detaylar\u0131 ve dengeli tasar\u0131m\u0131yla \u00f6ne \u00e7\u0131kan Prada Kanepe, modern esteti\u011fi sofistike bir konfor anlay\u0131\u015f\u0131yla bulu\u015fturur. Ak\u0131c\u0131 hatlar\u0131 ve \u00f6zenle i\u015flenmi\u015f formu, ya\u015fam alanlar\u0131na sade ama etkileyici bir karakter kazand\u0131r\u0131r. Estetikle fonksiyonelli\u011fi kusursuz bir uyum i\u00e7inde sunan Prada, g\u00fcn\u00fcn her an\u0131nda \u00fcst d\u00fczey bir oturum konforu sa\u011flarken, mek\u00e2na zamans\u0131z bir \u015f\u0131kl\u0131k katar. Modern ve zarif \u00e7izgilerin bulu\u015ftu\u011fu bu \u00f6zel tasar\u0131m, ya\u015fam alanlar\u0131nda se\u00e7kin ve asil bir atmosfer yarat\u0131r.<\/h5>\n<h5><\/h5>\n<h5>3 ki\u015filik kanepe<br \/>\nG\/W: 224 D\/D: 92 Y\/H: 80<\/h5>\n","protected":false},"featured_media":2829,"comment_status":"closed","ping_status":"closed","template":"","meta":[],"product_brand":[],"product_cat":[49],"product_tag":[],"class_list":{"0":"post-2828","1":"product","2":"type-product","3":"status-publish","4":"has-post-thumbnail","6":"product_cat-kanepe","8":"first","9":"instock","10":"shipping-taxable","11":"product-type-grouped","12":"layout-style-1","13":"col-md-4 col-sm-4 col-xs-6","14":"col-lg-3","15":"product-has-gallery","16":"product-style-zoom"},"_links":{"self":[{"href":"https:\/\/www.parlin.com.tr\/index.php\/wp-json\/wp\/v2\/product\/2828","targetHints":{"allow":["GET"]}}],"collection":[{"href":"https:\/\/www.parlin.com.tr\/index.php\/wp-json\/wp\/v2\/product"}],"about":[{"href":"https:\/\/www.parlin.com.tr\/index.php\/wp-json\/wp\/v2\/types\/product"}],"replies":[{"embeddable":true,"href":"https:\/\/www.parlin.com.tr\/index.php\/wp-json\/wp\/v2\/comments?post=2828"}],"wp:featuredmedia":[{"embeddable":true,"href":"https:\/\/www.parlin.com.tr\/index.php\/wp-json\/wp\/v2\/media\/2829"}],"wp:attachment":[{"href":"https:\/\/www.parlin.com.tr\/index.php\/wp-json\/wp\/v2\/media?parent=2828"}],"wp:term":[{"taxonomy":"product_brand","embeddable":true,"href":"https:\/\/www.parlin.com.tr\/index.php\/wp-json\/wp\/v2\/product_brand?post=2828"},{"taxonomy":"product_cat","embeddable":true,"href":"https:\/\/www.parlin.com.tr\/index.php\/wp-json\/wp\/v2\/product_cat?post=2828"},{"taxonomy":"product_tag","embeddable":true,"href":"https:\/\/www.parlin.com.tr\/index.php\/wp-json\/wp\/v2\/product_tag?post=2828"}],"curies":[{"name":"wp","href":"https:\/\/api.w.org\/{rel}","templated":true}]}}